{"id":402,"date":"2025-08-10T16:15:42","date_gmt":"2025-08-10T13:15:42","guid":{"rendered":"https:\/\/3dtjc.eu\/product\/hoidik-makita-72-v-ja-108-v-akudele\/"},"modified":"2025-09-13T15:33:00","modified_gmt":"2025-09-13T12:33:00","slug":"hoidik-makita-72-v-ja-108-v-akudele","status":"publish","type":"product","link":"https:\/\/3dtjc.eu\/et\/toode\/hoidik-makita-72-v-ja-108-v-akudele\/","title":{"rendered":"Hoidik Makita 7,2V ja 10,8V akudele"},"content":{"rendered":"<p>3D-prinditud akuhoidik Makita 7,2V ja 10,8V akudele. Kinnitusavad on disainitud sobima standardse augulaua m\u00f5\u00f5tmetega 9\u00d79 mm ja aukude vahekaugusega 38 mm. Ideaalne kasutamiseks kodus v\u00f5i t\u00f6\u00f6kojas.  <\/p>\n","protected":false},"excerpt":{"rendered":"<p>Akuhoidik Makita 7,2V ja 10,8V akudele<\/p>\n","protected":false},"featured_media":1066,"comment_status":"open","ping_status":"closed","template":"","meta":{"om_disable_all_campaigns":false,"_monsterinsights_skip_tracking":false,"_monsterinsights_sitenote_active":false,"_monsterinsights_sitenote_note":"","_monsterinsights_sitenote_category":0},"product_brand":[],"product_cat":[101,100],"product_tag":[103,104,132,133,134,105,102,106],"class_list":{"0":"post-402","1":"product","2":"type-product","3":"status-publish","4":"has-post-thumbnail","6":"product_cat-makita-et","7":"product_cat-organiseerijad","8":"product_tag-3d-prinditud","9":"product_tag-aku","10":"product_tag-bl0715-et","11":"product_tag-bl1013-et","12":"product_tag-bl1015k-et","13":"product_tag-hoidik","14":"product_tag-makita-et","15":"product_tag-seinakinnitus","17":"first","18":"instock","19":"taxable","20":"shipping-taxable","21":"purchasable","22":"product-type-simple"},"aioseo_notices":[],"jetpack_sharing_enabled":true,"_links":{"self":[{"href":"https:\/\/3dtjc.eu\/et\/wp-json\/wp\/v2\/product\/402","targetHints":{"allow":["GET"]}}],"collection":[{"href":"https:\/\/3dtjc.eu\/et\/wp-json\/wp\/v2\/product"}],"about":[{"href":"https:\/\/3dtjc.eu\/et\/wp-json\/wp\/v2\/types\/product"}],"replies":[{"embeddable":true,"href":"https:\/\/3dtjc.eu\/et\/wp-json\/wp\/v2\/comments?post=402"}],"wp:featuredmedia":[{"embeddable":true,"href":"https:\/\/3dtjc.eu\/et\/wp-json\/wp\/v2\/media\/1066"}],"wp:attachment":[{"href":"https:\/\/3dtjc.eu\/et\/wp-json\/wp\/v2\/media?parent=402"}],"wp:term":[{"taxonomy":"product_brand","embeddable":true,"href":"https:\/\/3dtjc.eu\/et\/wp-json\/wp\/v2\/product_brand?post=402"},{"taxonomy":"product_cat","embeddable":true,"href":"https:\/\/3dtjc.eu\/et\/wp-json\/wp\/v2\/product_cat?post=402"},{"taxonomy":"product_tag","embeddable":true,"href":"https:\/\/3dtjc.eu\/et\/wp-json\/wp\/v2\/product_tag?post=402"}],"curies":[{"name":"wp","href":"https:\/\/api.w.org\/{rel}","templated":true}]}}