{"id":401,"date":"2025-08-10T13:18:25","date_gmt":"2025-08-10T10:18:25","guid":{"rendered":"https:\/\/3dtjc.eu\/product\/dc10wa-laadija-hoidik\/"},"modified":"2025-09-13T15:33:14","modified_gmt":"2025-09-13T12:33:14","slug":"dc10wa-laadija-hoidik","status":"publish","type":"product","link":"https:\/\/3dtjc.eu\/et\/toode\/dc10wa-laadija-hoidik\/","title":{"rendered":"DC10WA laadija hoidik"},"content":{"rendered":"<p>3D-prinditud akulaadija hoidik Makita DC10WA laadijatele. Kinnitusavad on disainitud sobima standardse augulaua m\u00f5\u00f5tmetega 9\u00d79 mm ja aukude vahekaugusega 38 mm. Ideaalne kasutamiseks kodus v\u00f5i t\u00f6\u00f6kojas.<\/p>\n","protected":false},"excerpt":{"rendered":"<p>3D-prinditud akulaadija hoidik Makita DC10WA laadijatele. Kinnitusavad on disainitud sobima standardse augulaua m\u00f5\u00f5tmetega 9\u00d79 mm ja aukude vahekaugusega 38 mm. Ideaalne kasutamiseks kodus v\u00f5i t\u00f6\u00f6kojas.<\/p>\n","protected":false},"featured_media":1052,"comment_status":"open","ping_status":"closed","template":"","meta":{"om_disable_all_campaigns":false,"_monsterinsights_skip_tracking":false,"_monsterinsights_sitenote_active":false,"_monsterinsights_sitenote_note":"","_monsterinsights_sitenote_category":0},"product_brand":[],"product_cat":[101,100],"product_tag":[103,131,114,102],"class_list":{"0":"post-401","1":"product","2":"type-product","3":"status-publish","4":"has-post-thumbnail","6":"product_cat-makita-et","7":"product_cat-organiseerijad","8":"product_tag-3d-prinditud","9":"product_tag-dc10wa-et","10":"product_tag-laadija-hoidik","11":"product_tag-makita-et","13":"first","14":"instock","15":"taxable","16":"shipping-taxable","17":"purchasable","18":"product-type-simple"},"aioseo_notices":[],"jetpack_sharing_enabled":true,"_links":{"self":[{"href":"https:\/\/3dtjc.eu\/et\/wp-json\/wp\/v2\/product\/401","targetHints":{"allow":["GET"]}}],"collection":[{"href":"https:\/\/3dtjc.eu\/et\/wp-json\/wp\/v2\/product"}],"about":[{"href":"https:\/\/3dtjc.eu\/et\/wp-json\/wp\/v2\/types\/product"}],"replies":[{"embeddable":true,"href":"https:\/\/3dtjc.eu\/et\/wp-json\/wp\/v2\/comments?post=401"}],"wp:featuredmedia":[{"embeddable":true,"href":"https:\/\/3dtjc.eu\/et\/wp-json\/wp\/v2\/media\/1052"}],"wp:attachment":[{"href":"https:\/\/3dtjc.eu\/et\/wp-json\/wp\/v2\/media?parent=401"}],"wp:term":[{"taxonomy":"product_brand","embeddable":true,"href":"https:\/\/3dtjc.eu\/et\/wp-json\/wp\/v2\/product_brand?post=401"},{"taxonomy":"product_cat","embeddable":true,"href":"https:\/\/3dtjc.eu\/et\/wp-json\/wp\/v2\/product_cat?post=401"},{"taxonomy":"product_tag","embeddable":true,"href":"https:\/\/3dtjc.eu\/et\/wp-json\/wp\/v2\/product_tag?post=401"}],"curies":[{"name":"wp","href":"https:\/\/api.w.org\/{rel}","templated":true}]}}