{"id":398,"date":"2025-04-26T18:19:58","date_gmt":"2025-04-26T15:19:58","guid":{"rendered":"https:\/\/3dtjc.eu\/product\/dc18rc-laadija-hoidik\/"},"modified":"2025-09-13T15:33:13","modified_gmt":"2025-09-13T12:33:13","slug":"dc18rc-laadija-hoidik","status":"publish","type":"product","link":"https:\/\/3dtjc.eu\/et\/toode\/dc18rc-laadija-hoidik\/","title":{"rendered":"DC18RC laadija hoidik"},"content":{"rendered":"<p>3D-prinditud akulaadija hoidik Makita DC18RC laadijatele.<\/p>\n<p>Kinnitusaugud on disainitud sobima standardse augulaua m\u00f5\u00f5tmetega 9&#215;9 mm ja aukude vahekaugusega 38 mm. Ideaalne kasutamiseks kodus v\u00f5i t\u00f6\u00f6kojas.<\/p>\n<p>Laadijat saab hoidikusse paigaldada ja sealt eemaldada ilma t\u00f6\u00f6riistu vajamata.<\/p>\n","protected":false},"excerpt":{"rendered":"<p>Hoidik Makita DC18RC laadijatele.<\/p>\n","protected":false},"featured_media":1040,"comment_status":"open","ping_status":"closed","template":"","meta":{"om_disable_all_campaigns":false,"_monsterinsights_skip_tracking":false,"_monsterinsights_sitenote_active":false,"_monsterinsights_sitenote_note":"","_monsterinsights_sitenote_category":0},"product_brand":[],"product_cat":[121,101,100],"product_tag":[124,125,122,123,102],"class_list":{"0":"post-398","1":"product","2":"type-product","3":"status-publish","4":"has-post-thumbnail","6":"product_cat-komponendid","7":"product_cat-makita-et","8":"product_cat-organiseerijad","9":"product_tag-3d-et","10":"product_tag-3d-printimine","11":"product_tag-akuhoidik","12":"product_tag-dc18rc-et","13":"product_tag-makita-et","15":"first","16":"instock","17":"taxable","18":"shipping-taxable","19":"purchasable","20":"product-type-simple"},"aioseo_notices":[],"jetpack_sharing_enabled":true,"_links":{"self":[{"href":"https:\/\/3dtjc.eu\/et\/wp-json\/wp\/v2\/product\/398","targetHints":{"allow":["GET"]}}],"collection":[{"href":"https:\/\/3dtjc.eu\/et\/wp-json\/wp\/v2\/product"}],"about":[{"href":"https:\/\/3dtjc.eu\/et\/wp-json\/wp\/v2\/types\/product"}],"replies":[{"embeddable":true,"href":"https:\/\/3dtjc.eu\/et\/wp-json\/wp\/v2\/comments?post=398"}],"wp:featuredmedia":[{"embeddable":true,"href":"https:\/\/3dtjc.eu\/et\/wp-json\/wp\/v2\/media\/1040"}],"wp:attachment":[{"href":"https:\/\/3dtjc.eu\/et\/wp-json\/wp\/v2\/media?parent=398"}],"wp:term":[{"taxonomy":"product_brand","embeddable":true,"href":"https:\/\/3dtjc.eu\/et\/wp-json\/wp\/v2\/product_brand?post=398"},{"taxonomy":"product_cat","embeddable":true,"href":"https:\/\/3dtjc.eu\/et\/wp-json\/wp\/v2\/product_cat?post=398"},{"taxonomy":"product_tag","embeddable":true,"href":"https:\/\/3dtjc.eu\/et\/wp-json\/wp\/v2\/product_tag?post=398"}],"curies":[{"name":"wp","href":"https:\/\/api.w.org\/{rel}","templated":true}]}}