{"id":395,"date":"2025-08-10T13:31:45","date_gmt":"2025-08-10T10:31:45","guid":{"rendered":"https:\/\/3dtjc.eu\/product\/dc07sa-laadija-hoidik\/"},"modified":"2025-09-13T15:32:58","modified_gmt":"2025-09-13T12:32:58","slug":"dc07sa-laadija-hoidik","status":"publish","type":"product","link":"https:\/\/3dtjc.eu\/et\/toode\/dc07sa-laadija-hoidik\/","title":{"rendered":"DC07SA laadija hoidik"},"content":{"rendered":"<p>3D-prinditud akulaadija hoidik Makita DC07SA laadijatele. Kinnitusavad on disainitud sobima standardse augulaua m\u00f5\u00f5tmetega 9\u00d79 mm ja aukude vahekaugusega 38 mm keskelt keskele. Ideaalne kasutamiseks kodus v\u00f5i t\u00f6\u00f6kojas.  <\/p>\n","protected":false},"excerpt":{"rendered":"<p>3D-prinditud akulaadija hoidik Makita DC07SA laadijatele. Kinnitusavad on disainitud sobima standardse augulaua m\u00f5\u00f5tmetega 9\u00d79 mm ja aukude vahekaugusega 38 mm keskelt keskele. Ideaalne kasutamiseks kodus v\u00f5i t\u00f6\u00f6kojas.  <\/p>\n","protected":false},"featured_media":0,"comment_status":"open","ping_status":"closed","template":"","meta":{"om_disable_all_campaigns":false,"_monsterinsights_skip_tracking":false,"_monsterinsights_sitenote_active":false,"_monsterinsights_sitenote_note":"","_monsterinsights_sitenote_category":0},"product_brand":[],"product_cat":[101,100],"product_tag":[103,115,114,102],"class_list":{"0":"post-395","1":"product","2":"type-product","3":"status-publish","5":"product_cat-makita-et","6":"product_cat-organiseerijad","7":"product_tag-3d-prinditud","8":"product_tag-dc07sa-et","9":"product_tag-laadija-hoidik","10":"product_tag-makita-et","12":"first","13":"instock","14":"taxable","15":"shipping-taxable","16":"purchasable","17":"product-type-simple"},"aioseo_notices":[],"jetpack_sharing_enabled":true,"_links":{"self":[{"href":"https:\/\/3dtjc.eu\/et\/wp-json\/wp\/v2\/product\/395","targetHints":{"allow":["GET"]}}],"collection":[{"href":"https:\/\/3dtjc.eu\/et\/wp-json\/wp\/v2\/product"}],"about":[{"href":"https:\/\/3dtjc.eu\/et\/wp-json\/wp\/v2\/types\/product"}],"replies":[{"embeddable":true,"href":"https:\/\/3dtjc.eu\/et\/wp-json\/wp\/v2\/comments?post=395"}],"wp:attachment":[{"href":"https:\/\/3dtjc.eu\/et\/wp-json\/wp\/v2\/media?parent=395"}],"wp:term":[{"taxonomy":"product_brand","embeddable":true,"href":"https:\/\/3dtjc.eu\/et\/wp-json\/wp\/v2\/product_brand?post=395"},{"taxonomy":"product_cat","embeddable":true,"href":"https:\/\/3dtjc.eu\/et\/wp-json\/wp\/v2\/product_cat?post=395"},{"taxonomy":"product_tag","embeddable":true,"href":"https:\/\/3dtjc.eu\/et\/wp-json\/wp\/v2\/product_tag?post=395"}],"curies":[{"name":"wp","href":"https:\/\/api.w.org\/{rel}","templated":true}]}}