{"id":377,"date":"2025-08-10T16:21:38","date_gmt":"2025-08-10T13:21:38","guid":{"rendered":"https:\/\/3dtjc.eu\/product\/makita-lxt-akuhoidik\/"},"modified":"2025-09-13T15:32:58","modified_gmt":"2025-09-13T12:32:58","slug":"makita-lxt-akuhoidik","status":"publish","type":"product","link":"https:\/\/3dtjc.eu\/et\/toode\/makita-lxt-akuhoidik\/","title":{"rendered":"Makita LXT aku hoidik"},"content":{"rendered":"<p>3D-prinditud akuhoidik Makita LXT akudele. Kinnitusavad on disainitud sobima standardse augulaua m\u00f5\u00f5tmetega 9\u00d79 mm ja aukude vahekaugusega 38 mm (keskpunktist keskpunktini). Ideaalne kasutamiseks kodus v\u00f5i t\u00f6\u00f6kojas. Hoidik on m\u00f5eldud kahe aku jaoks ja kuna see kasutab aku lukustusmehhanismi, saab neid paigaldada mis tahes asendis.   <\/p>\n","protected":false},"excerpt":{"rendered":"<p>Akuhoidik Makita 7,2V ja 10,8V akudele<\/p>\n","protected":false},"featured_media":1061,"comment_status":"open","ping_status":"closed","template":"","meta":{"om_disable_all_campaigns":false,"_monsterinsights_skip_tracking":false,"_monsterinsights_sitenote_active":false,"_monsterinsights_sitenote_note":"","_monsterinsights_sitenote_category":0},"product_brand":[],"product_cat":[101,100],"product_tag":[103,104,113,112,111,110,109,108,105,107,102,106],"class_list":{"0":"post-377","1":"product","2":"type-product","3":"status-publish","4":"has-post-thumbnail","6":"product_cat-makita-et","7":"product_cat-organiseerijad","8":"product_tag-3d-prinditud","9":"product_tag-aku","10":"product_tag-bl1815b-et","11":"product_tag-bl1820b-et","12":"product_tag-bl1830b-et","13":"product_tag-bl1840b-et","14":"product_tag-bl1850b-et","15":"product_tag-bl1860b-et","16":"product_tag-hoidik","17":"product_tag-lxt-et","18":"product_tag-makita-et","19":"product_tag-seinakinnitus","21":"first","22":"instock","23":"taxable","24":"shipping-taxable","25":"purchasable","26":"product-type-simple"},"aioseo_notices":[],"jetpack_sharing_enabled":true,"_links":{"self":[{"href":"https:\/\/3dtjc.eu\/et\/wp-json\/wp\/v2\/product\/377","targetHints":{"allow":["GET"]}}],"collection":[{"href":"https:\/\/3dtjc.eu\/et\/wp-json\/wp\/v2\/product"}],"about":[{"href":"https:\/\/3dtjc.eu\/et\/wp-json\/wp\/v2\/types\/product"}],"replies":[{"embeddable":true,"href":"https:\/\/3dtjc.eu\/et\/wp-json\/wp\/v2\/comments?post=377"}],"wp:featuredmedia":[{"embeddable":true,"href":"https:\/\/3dtjc.eu\/et\/wp-json\/wp\/v2\/media\/1061"}],"wp:attachment":[{"href":"https:\/\/3dtjc.eu\/et\/wp-json\/wp\/v2\/media?parent=377"}],"wp:term":[{"taxonomy":"product_brand","embeddable":true,"href":"https:\/\/3dtjc.eu\/et\/wp-json\/wp\/v2\/product_brand?post=377"},{"taxonomy":"product_cat","embeddable":true,"href":"https:\/\/3dtjc.eu\/et\/wp-json\/wp\/v2\/product_cat?post=377"},{"taxonomy":"product_tag","embeddable":true,"href":"https:\/\/3dtjc.eu\/et\/wp-json\/wp\/v2\/product_tag?post=377"}],"curies":[{"name":"wp","href":"https:\/\/api.w.org\/{rel}","templated":true}]}}