{"id":368,"date":"2025-08-10T15:47:04","date_gmt":"2025-08-10T12:47:04","guid":{"rendered":"https:\/\/3dtjc.eu\/product\/jalatoe-thule-urban-glide-2\/"},"modified":"2026-02-17T19:11:06","modified_gmt":"2026-02-17T17:11:06","slug":"jalatoe-thule-urban-glide-2","status":"publish","type":"product","link":"https:\/\/3dtjc.eu\/et\/toode\/jalatoe-thule-urban-glide-2\/","title":{"rendered":"Jalatugi - Thule Urban Glide 2"},"content":{"rendered":"<p>3D-prinditud lisatarvik, mis v\u00f5imaldab vankri jalatuge asetada magamisasendisse Thule Urban Glide 2 jalutusk\u00e4rudel, s\u00e4ilitades k\u00f5ik standardfunktsioonid<\/p>\n<p>1 komplekt koosneb 2 peegelpildis jalatoest.<\/p>\n","protected":false},"excerpt":{"rendered":"<p>Thule Urban Glide 2 jalaugi.<\/p>\n","protected":false},"featured_media":1016,"comment_status":"open","ping_status":"closed","template":"","meta":{"om_disable_all_campaigns":false,"_monsterinsights_skip_tracking":false,"_monsterinsights_sitenote_active":false,"_monsterinsights_sitenote_note":"","_monsterinsights_sitenote_category":0},"product_brand":[],"product_cat":[84,85],"product_tag":[],"class_list":{"0":"post-368","1":"product","2":"type-product","3":"status-publish","4":"has-post-thumbnail","6":"product_cat-tarvik","7":"product_cat-thule-et","9":"first","10":"instock","11":"taxable","12":"shipping-taxable","13":"purchasable","14":"product-type-simple"},"aioseo_notices":[],"jetpack_sharing_enabled":true,"_links":{"self":[{"href":"https:\/\/3dtjc.eu\/et\/wp-json\/wp\/v2\/product\/368","targetHints":{"allow":["GET"]}}],"collection":[{"href":"https:\/\/3dtjc.eu\/et\/wp-json\/wp\/v2\/product"}],"about":[{"href":"https:\/\/3dtjc.eu\/et\/wp-json\/wp\/v2\/types\/product"}],"replies":[{"embeddable":true,"href":"https:\/\/3dtjc.eu\/et\/wp-json\/wp\/v2\/comments?post=368"}],"wp:featuredmedia":[{"embeddable":true,"href":"https:\/\/3dtjc.eu\/et\/wp-json\/wp\/v2\/media\/1016"}],"wp:attachment":[{"href":"https:\/\/3dtjc.eu\/et\/wp-json\/wp\/v2\/media?parent=368"}],"wp:term":[{"taxonomy":"product_brand","embeddable":true,"href":"https:\/\/3dtjc.eu\/et\/wp-json\/wp\/v2\/product_brand?post=368"},{"taxonomy":"product_cat","embeddable":true,"href":"https:\/\/3dtjc.eu\/et\/wp-json\/wp\/v2\/product_cat?post=368"},{"taxonomy":"product_tag","embeddable":true,"href":"https:\/\/3dtjc.eu\/et\/wp-json\/wp\/v2\/product_tag?post=368"}],"curies":[{"name":"wp","href":"https:\/\/api.w.org\/{rel}","templated":true}]}}