{"id":1002,"date":"2026-02-15T16:00:23","date_gmt":"2026-02-15T14:00:23","guid":{"rendered":"https:\/\/3dtjc.eu\/product\/estonia-010-helikapa-lukusti\/"},"modified":"2026-02-15T16:00:23","modified_gmt":"2026-02-15T14:00:23","slug":"estonia-010-helikapa-lukusti","status":"publish","type":"product","link":"https:\/\/3dtjc.eu\/et\/toode\/estonia-010-helikapa-lukusti\/","title":{"rendered":"Estonia 010 helik\u00e4pa lukusti"},"content":{"rendered":"<p>Asenduslukusti Estonia 010 vin\u00fc\u00fclplaadim\u00e4ngijale.<\/p>\n<p>PETG-G 3D-print<\/p>\n<p>(Helik\u00e4pa t\u00f5stja ei kuulu komplekti)<\/p>\n","protected":false},"excerpt":{"rendered":"<p><img loading=\"lazy\" decoding=\"async\" class=\"alignnone size-medium wp-image-983\" src=\"https:\/\/3dtjc.eu\/wp-content\/uploads\/2026\/02\/20260207_113759-300x225.jpg\" alt=\"\" width=\"300\" height=\"225\" srcset=\"https:\/\/3dtjc.eu\/wp-content\/uploads\/2026\/02\/20260207_113759-300x225.jpg 300w, https:\/\/3dtjc.eu\/wp-content\/uploads\/2026\/02\/20260207_113759-1024x768.jpg 1024w, https:\/\/3dtjc.eu\/wp-content\/uploads\/2026\/02\/20260207_113759-768x576.jpg 768w, https:\/\/3dtjc.eu\/wp-content\/uploads\/2026\/02\/20260207_113759-1536x1152.jpg 1536w, https:\/\/3dtjc.eu\/wp-content\/uploads\/2026\/02\/20260207_113759-2048x1536.jpg 2048w, https:\/\/3dtjc.eu\/wp-content\/uploads\/2026\/02\/20260207_113759-600x450.jpg 600w\" sizes=\"auto, (max-width: 300px) 100vw, 300px\" \/> <img loading=\"lazy\" decoding=\"async\" class=\"alignnone size-medium wp-image-986\" src=\"https:\/\/3dtjc.eu\/wp-content\/uploads\/2026\/02\/20260207_113828-300x225.jpg\" alt=\"\" width=\"300\" height=\"225\" srcset=\"https:\/\/3dtjc.eu\/wp-content\/uploads\/2026\/02\/20260207_113828-300x225.jpg 300w, https:\/\/3dtjc.eu\/wp-content\/uploads\/2026\/02\/20260207_113828-1024x768.jpg 1024w, https:\/\/3dtjc.eu\/wp-content\/uploads\/2026\/02\/20260207_113828-768x576.jpg 768w, https:\/\/3dtjc.eu\/wp-content\/uploads\/2026\/02\/20260207_113828-1536x1152.jpg 1536w, https:\/\/3dtjc.eu\/wp-content\/uploads\/2026\/02\/20260207_113828-2048x1536.jpg 2048w, https:\/\/3dtjc.eu\/wp-content\/uploads\/2026\/02\/20260207_113828-600x450.jpg 600w\" sizes=\"auto, (max-width: 300px) 100vw, 300px\" \/> <img loading=\"lazy\" decoding=\"async\" class=\"alignnone size-medium wp-image-995\" src=\"https:\/\/3dtjc.eu\/wp-content\/uploads\/2026\/02\/20260207_114859-225x300.jpg\" alt=\"\" width=\"225\" height=\"300\" srcset=\"https:\/\/3dtjc.eu\/wp-content\/uploads\/2026\/02\/20260207_114859-225x300.jpg 225w, https:\/\/3dtjc.eu\/wp-content\/uploads\/2026\/02\/20260207_114859-768x1024.jpg 768w, https:\/\/3dtjc.eu\/wp-content\/uploads\/2026\/02\/20260207_114859-1152x1536.jpg 1152w, https:\/\/3dtjc.eu\/wp-content\/uploads\/2026\/02\/20260207_114859-1536x2048.jpg 1536w, https:\/\/3dtjc.eu\/wp-content\/uploads\/2026\/02\/20260207_114859-600x800.jpg 600w, https:\/\/3dtjc.eu\/wp-content\/uploads\/2026\/02\/20260207_114859-scaled.jpg 1920w\" sizes=\"auto, (max-width: 225px) 100vw, 225px\" \/> <img loading=\"lazy\" decoding=\"async\" class=\"alignnone size-medium wp-image-998\" src=\"https:\/\/3dtjc.eu\/wp-content\/uploads\/2026\/02\/20260207_113818-300x225.jpg\" alt=\"\" width=\"300\" height=\"225\" srcset=\"https:\/\/3dtjc.eu\/wp-content\/uploads\/2026\/02\/20260207_113818-300x225.jpg 300w, https:\/\/3dtjc.eu\/wp-content\/uploads\/2026\/02\/20260207_113818-1024x768.jpg 1024w, https:\/\/3dtjc.eu\/wp-content\/uploads\/2026\/02\/20260207_113818-768x576.jpg 768w, https:\/\/3dtjc.eu\/wp-content\/uploads\/2026\/02\/20260207_113818-1536x1152.jpg 1536w, https:\/\/3dtjc.eu\/wp-content\/uploads\/2026\/02\/20260207_113818-2048x1536.jpg 2048w, https:\/\/3dtjc.eu\/wp-content\/uploads\/2026\/02\/20260207_113818-600x450.jpg 600w\" sizes=\"auto, (max-width: 300px) 100vw, 300px\" \/><\/p>\n<p>&nbsp;<\/p>\n","protected":false},"featured_media":987,"comment_status":"open","ping_status":"closed","template":"","meta":{"om_disable_all_campaigns":false,"_monsterinsights_skip_tracking":false,"_monsterinsights_sitenote_active":false,"_monsterinsights_sitenote_note":"","_monsterinsights_sitenote_category":0},"product_brand":[],"product_cat":[152],"product_tag":[153,155,159,154],"class_list":{"0":"post-1002","1":"product","2":"type-product","3":"status-publish","4":"has-post-thumbnail","6":"product_cat-varuosad","7":"product_tag-estonia-010-et","8":"product_tag-helikapp","9":"product_tag-lukusti","10":"product_tag-vinuul","12":"first","13":"instock","14":"taxable","15":"shipping-taxable","16":"purchasable","17":"product-type-simple"},"aioseo_notices":[],"jetpack_sharing_enabled":true,"_links":{"self":[{"href":"https:\/\/3dtjc.eu\/et\/wp-json\/wp\/v2\/product\/1002","targetHints":{"allow":["GET"]}}],"collection":[{"href":"https:\/\/3dtjc.eu\/et\/wp-json\/wp\/v2\/product"}],"about":[{"href":"https:\/\/3dtjc.eu\/et\/wp-json\/wp\/v2\/types\/product"}],"replies":[{"embeddable":true,"href":"https:\/\/3dtjc.eu\/et\/wp-json\/wp\/v2\/comments?post=1002"}],"wp:featuredmedia":[{"embeddable":true,"href":"https:\/\/3dtjc.eu\/et\/wp-json\/wp\/v2\/media\/987"}],"wp:attachment":[{"href":"https:\/\/3dtjc.eu\/et\/wp-json\/wp\/v2\/media?parent=1002"}],"wp:term":[{"taxonomy":"product_brand","embeddable":true,"href":"https:\/\/3dtjc.eu\/et\/wp-json\/wp\/v2\/product_brand?post=1002"},{"taxonomy":"product_cat","embeddable":true,"href":"https:\/\/3dtjc.eu\/et\/wp-json\/wp\/v2\/product_cat?post=1002"},{"taxonomy":"product_tag","embeddable":true,"href":"https:\/\/3dtjc.eu\/et\/wp-json\/wp\/v2\/product_tag?post=1002"}],"curies":[{"name":"wp","href":"https:\/\/api.w.org\/{rel}","templated":true}]}}