{"id":386,"date":"2025-04-26T18:13:09","date_gmt":"2025-04-26T15:13:09","guid":{"rendered":"https:\/\/3dtjc.eu\/?page_id=386"},"modified":"2025-09-13T15:33:03","modified_gmt":"2025-09-13T12:33:03","slug":"privaatsuspoliitika","status":"publish","type":"page","link":"https:\/\/3dtjc.eu\/et\/privaatsuspoliitika\/","title":{"rendered":"Privaatsuspoliitika"},"content":{"rendered":"\n<h2 class=\"wp-block-heading\">Kes me oleme<\/h2>\n\n<p>IMPRESSUM<\/p>\n\n<p>Meie veebisaidi aadress on: https:\/\/3dtjc.eu. Me oleme 3D TJC O\u00dc, asukohaga Eestis.<\/p>\n\n<ul class=\"wp-block-list\">\n<li>Meiega saab \u00fchendust v\u00f5tta aadressil info@3dtjc.eu <\/li>\n\n\n\n<li>Oleme eraettev\u00f5te, registrikoodiga 17229126<\/li>\n\n\n\n<li>Meie k\u00e4ibemaksukohustuslase number on EE102858781<\/li>\n<\/ul>\n\n<h2 class=\"wp-block-heading\">Kommentaarid<\/h2>\n\n<p>Tavaliselt me ei luba kommentaare oma veebisaidil.<\/p>\n\n<p>Kui k\u00fclastajad j\u00e4tavad saidile kommentaare, kogume kommentaarivormis n\u00e4idatud andmed, samuti k\u00fclastaja IP-aadressi ja brauseri kasutajaagendi stringi, et aidata tuvastada r\u00e4mpsposti.<\/p>\n\n<p>Sinu e-posti aadressist loodud anon\u00fc\u00fcmne string (mida nimetatakse ka r\u00e4siks) v\u00f5idakse edastada Gravatari teenusele, et kontrollida, kas sa seda kasutad. Gravatari teenuse privaatsuspoliitika on saadaval siin: https:\/\/automattic.com\/privacy\/. P\u00e4rast sinu kommentaari heakskiitmist on sinu profiilipilt avalikult n\u00e4htav sinu kommentaari kontekstis. <\/p>\n\n<h2 class=\"wp-block-heading\">Meedia<\/h2>\n\n<p>Kui laadid veebisaidile pilte, peaksid v\u00e4ltima piltide \u00fcleslaadimist, mis sisaldavad manustatud asukohaandmeid (EXIF GPS). Veebisaidi k\u00fclastajad saavad alla laadida ja eraldada mis tahes asukohaandmeid veebisaidil olevatest piltidest. Tavaliselt ei ole sellel veebisaidil kasutajate \u00fcles laaditud pilte.  <\/p>\n\n<h2 class=\"wp-block-heading\">K\u00fcpsised<\/h2>\n\n<p>Kui k\u00fclastad meie saiti, v\u00f5id n\u00f5ustuda oma identifitseerimisteabe salvestamisega k\u00fcpsistesse. Need on sinu mugavuse huvides, et sa ei peaks oma andmeid uuesti sisestama, kui j\u00e4tad j\u00e4rgmise kommentaari. Need k\u00fcpsised kestavad \u00fche aasta.  <\/p>\n\n<p>K\u00fcpsised kestavad kaks p\u00e4eva ja ekraanivalikute k\u00fcpsised kestavad aasta. Kui valid &#8220;J\u00e4ta mind meelde&#8221;, p\u00fcsib sinu sisselogimine kaks n\u00e4dalat. V\u00f5id alati paluda meil kustutada meie kogutud teave.  <\/p>\n\n<h2 class=\"wp-block-heading\">Teistelt veebisaitidelt p\u00e4rit manustatud sisu<\/h2>\n\n<p>Selle saidi artiklid v\u00f5ivad sisaldada manustatud sisu (nt videod, pildid, artiklid jne). Teistelt veebisaitidelt p\u00e4rit manustatud sisu k\u00e4itub t\u00e4pselt samamoodi, nagu oleks k\u00fclastaja k\u00fclastanud teist veebisaiti. <\/p>\n\n<p>Need veebisaidid v\u00f5ivad koguda sinu kohta andmeid, kasutada k\u00fcpsiseid, manustada t\u00e4iendavaid kolmandate osapoolte j\u00e4lgimiskoode ja j\u00e4lgida sinu suhtlust selle manustatud sisuga, sealhulgas j\u00e4lgida sinu suhtlust manustatud sisuga, kui sul on konto ja oled sellel veebisaidil sisse logitud.<\/p>\n\n<h2 class=\"wp-block-heading\">Kellega me sinu andmeid jagame<\/h2>\n\n<p>Kasutame piksli j\u00e4lgimist Meta platvormiga ja oleme \u00fchendatud ka Google Analytics&#8217;iga.<\/p>\n\n<h2 class=\"wp-block-heading\">Millised \u00f5igused sul oma andmete \u00fcle on<\/h2>\n\n<p>Kui sul on sellel saidil konto v\u00f5i oled j\u00e4tnud kommentaare, v\u00f5id taotleda sinu kohta hoitavate isikuandmete eksportfaili, sealhulgas k\u00f5ik andmed, mida oled meile esitanud. Samuti v\u00f5id taotleda, et kustutaksime k\u00f5ik sinu kohta hoitavad isikuandmed. See ei h\u00f5lma andmeid, mida oleme kohustatud s\u00e4ilitama halduslikel, \u00f5iguslikel v\u00f5i turvalisuse eesm\u00e4rkidel.  <\/p>\n\n<h2 class=\"wp-block-heading\">Kuhu sinu andmed saadetakse<\/h2>\n\n<p>K\u00fclastajate kommentaare v\u00f5idakse kontrollida automatiseeritud r\u00e4mpsposti tuvastamise teenuse kaudu<\/p>\n","protected":false},"excerpt":{"rendered":"<p>Kes me oleme IMPRESSUM Meie veebisaidi aadress on: https:\/\/3dtjc.eu. Me oleme 3D TJC O\u00dc, asukohaga Eestis. Kommentaarid Tavaliselt me ei luba kommentaare oma veebisaidil. Kui k\u00fclastajad j\u00e4tavad saidile kommentaare, kogume kommentaarivormis n\u00e4idatud andmed, samuti k\u00fclastaja IP-aadressi ja brauseri kasutajaagendi stringi, et aidata tuvastada r\u00e4mpsposti. Sinu e-posti aadressist loodud anon\u00fc\u00fcmne string (mida nimetatakse ka r\u00e4siks) v\u00f5idakse [&hellip;]<\/p>\n","protected":false},"author":1,"featured_media":0,"parent":0,"menu_order":0,"comment_status":"closed","ping_status":"open","template":"","meta":{"om_disable_all_campaigns":false,"_monsterinsights_skip_tracking":false,"_monsterinsights_sitenote_active":false,"_monsterinsights_sitenote_note":"","_monsterinsights_sitenote_category":0,"footnotes":""},"class_list":["post-386","page","type-page","status-publish","hentry"],"aioseo_notices":[],"jetpack_sharing_enabled":true,"_links":{"self":[{"href":"https:\/\/3dtjc.eu\/et\/wp-json\/wp\/v2\/pages\/386","targetHints":{"allow":["GET"]}}],"collection":[{"href":"https:\/\/3dtjc.eu\/et\/wp-json\/wp\/v2\/pages"}],"about":[{"href":"https:\/\/3dtjc.eu\/et\/wp-json\/wp\/v2\/types\/page"}],"author":[{"embeddable":true,"href":"https:\/\/3dtjc.eu\/et\/wp-json\/wp\/v2\/users\/1"}],"replies":[{"embeddable":true,"href":"https:\/\/3dtjc.eu\/et\/wp-json\/wp\/v2\/comments?post=386"}],"version-history":[{"count":4,"href":"https:\/\/3dtjc.eu\/et\/wp-json\/wp\/v2\/pages\/386\/revisions"}],"predecessor-version":[{"id":902,"href":"https:\/\/3dtjc.eu\/et\/wp-json\/wp\/v2\/pages\/386\/revisions\/902"}],"wp:attachment":[{"href":"https:\/\/3dtjc.eu\/et\/wp-json\/wp\/v2\/media?parent=386"}],"curies":[{"name":"wp","href":"https:\/\/api.w.org\/{rel}","templated":true}]}}