{"id":403,"date":"2025-08-10T13:31:45","date_gmt":"2025-08-10T10:31:45","guid":{"rendered":"https:\/\/3dtjc.eu\/product\/ladegeraethalterung-dc07sa\/"},"modified":"2025-09-13T15:33:14","modified_gmt":"2025-09-13T12:33:14","slug":"ladegeraethalterung-dc07sa","status":"publish","type":"product","link":"https:\/\/3dtjc.eu\/de\/produkt\/ladegeraethalterung-dc07sa\/","title":{"rendered":"DC07SA Ladeger\u00e4thalter"},"content":{"rendered":"<p>3D-gedruckter Batterieladeger\u00e4thalter f\u00fcr Makita DC07SA-Ladeger\u00e4te. Die Befestigungsl\u00f6cher sind so konzipiert, dass sie zu Standard-Lochplattenlochabmessungen von 9\u00d79 mm und einem Lochabstand von c\/c 38 mm passen. Ideal f\u00fcr den Heim- oder Werkstattgebrauch.  <\/p>\n","protected":false},"excerpt":{"rendered":"<p>3D-gedruckter Batterieladeger\u00e4thalter f\u00fcr Makita DC07SA-Ladeger\u00e4te. Die Befestigungsl\u00f6cher sind so konzipiert, dass sie zu Standard-Lochplattenlochabmessungen von 9\u00d79 mm und einem Lochabstand von c\/c 38 mm passen. Ideal f\u00fcr den Heim- oder Werkstattgebrauch.  <\/p>\n","protected":false},"featured_media":0,"comment_status":"open","ping_status":"closed","template":"","meta":{"om_disable_all_campaigns":false,"_monsterinsights_skip_tracking":false,"_monsterinsights_sitenote_active":false,"_monsterinsights_sitenote_note":"","_monsterinsights_sitenote_category":0},"product_brand":[],"product_cat":[87,86],"product_tag":[89,135,126,88],"class_list":{"0":"post-403","1":"product","2":"type-product","3":"status-publish","5":"product_cat-makita-de","6":"product_cat-veranstalter","7":"product_tag-3d-gedruckt","8":"product_tag-dc07sa-de","9":"product_tag-ladegerathalter","10":"product_tag-makita-de","12":"first","13":"instock","14":"taxable","15":"shipping-taxable","16":"purchasable","17":"product-type-simple"},"aioseo_notices":[],"jetpack_sharing_enabled":true,"_links":{"self":[{"href":"https:\/\/3dtjc.eu\/de\/wp-json\/wp\/v2\/product\/403","targetHints":{"allow":["GET"]}}],"collection":[{"href":"https:\/\/3dtjc.eu\/de\/wp-json\/wp\/v2\/product"}],"about":[{"href":"https:\/\/3dtjc.eu\/de\/wp-json\/wp\/v2\/types\/product"}],"replies":[{"embeddable":true,"href":"https:\/\/3dtjc.eu\/de\/wp-json\/wp\/v2\/comments?post=403"}],"wp:attachment":[{"href":"https:\/\/3dtjc.eu\/de\/wp-json\/wp\/v2\/media?parent=403"}],"wp:term":[{"taxonomy":"product_brand","embeddable":true,"href":"https:\/\/3dtjc.eu\/de\/wp-json\/wp\/v2\/product_brand?post=403"},{"taxonomy":"product_cat","embeddable":true,"href":"https:\/\/3dtjc.eu\/de\/wp-json\/wp\/v2\/product_cat?post=403"},{"taxonomy":"product_tag","embeddable":true,"href":"https:\/\/3dtjc.eu\/de\/wp-json\/wp\/v2\/product_tag?post=403"}],"curies":[{"name":"wp","href":"https:\/\/api.w.org\/{rel}","templated":true}]}}