{"id":400,"date":"2025-08-10T16:15:42","date_gmt":"2025-08-10T13:15:42","guid":{"rendered":"https:\/\/3dtjc.eu\/product\/halter-fuer-makita-72v-und-108v-akkus\/"},"modified":"2025-09-13T15:32:59","modified_gmt":"2025-09-13T12:32:59","slug":"halter-fuer-makita-72v-und-108v-akkus","status":"publish","type":"product","link":"https:\/\/3dtjc.eu\/de\/produkt\/halter-fuer-makita-72v-und-108v-akkus\/","title":{"rendered":"Halterung f\u00fcr Makita 7,2V- und 10,8V-Akkus"},"content":{"rendered":"<p>3D-gedruckte Akku-Halterung f\u00fcr Makita 7,2V- und 10,8V-Akkus. Die Befestigungsl\u00f6cher sind so konzipiert, dass sie zu den Standardabmessungen von Lochplattenl\u00f6chern von 9\u00d79 mm und einem Lochabstand von 38 mm passen. Ideal f\u00fcr den Heim- oder Werkstattgebrauch.  <\/p>\n","protected":false},"excerpt":{"rendered":"<p>Batteriehalter f\u00fcr Makita 7,2V- und 10,8V-Akkus<\/p>\n","protected":false},"featured_media":1065,"comment_status":"open","ping_status":"closed","template":"","meta":{"om_disable_all_campaigns":false,"_monsterinsights_skip_tracking":false,"_monsterinsights_sitenote_active":false,"_monsterinsights_sitenote_note":"","_monsterinsights_sitenote_category":0},"product_brand":[],"product_cat":[87,86],"product_tag":[89,90,128,129,130,91,88,92],"class_list":{"0":"post-400","1":"product","2":"type-product","3":"status-publish","4":"has-post-thumbnail","6":"product_cat-makita-de","7":"product_cat-veranstalter","8":"product_tag-3d-gedruckt","9":"product_tag-akku","10":"product_tag-bl0715-de","11":"product_tag-bl1013-de","12":"product_tag-bl1015k-de","13":"product_tag-halterung","14":"product_tag-makita-de","15":"product_tag-wandhalterung","17":"first","18":"instock","19":"taxable","20":"shipping-taxable","21":"purchasable","22":"product-type-simple"},"aioseo_notices":[],"jetpack_sharing_enabled":true,"_links":{"self":[{"href":"https:\/\/3dtjc.eu\/de\/wp-json\/wp\/v2\/product\/400","targetHints":{"allow":["GET"]}}],"collection":[{"href":"https:\/\/3dtjc.eu\/de\/wp-json\/wp\/v2\/product"}],"about":[{"href":"https:\/\/3dtjc.eu\/de\/wp-json\/wp\/v2\/types\/product"}],"replies":[{"embeddable":true,"href":"https:\/\/3dtjc.eu\/de\/wp-json\/wp\/v2\/comments?post=400"}],"wp:featuredmedia":[{"embeddable":true,"href":"https:\/\/3dtjc.eu\/de\/wp-json\/wp\/v2\/media\/1065"}],"wp:attachment":[{"href":"https:\/\/3dtjc.eu\/de\/wp-json\/wp\/v2\/media?parent=400"}],"wp:term":[{"taxonomy":"product_brand","embeddable":true,"href":"https:\/\/3dtjc.eu\/de\/wp-json\/wp\/v2\/product_brand?post=400"},{"taxonomy":"product_cat","embeddable":true,"href":"https:\/\/3dtjc.eu\/de\/wp-json\/wp\/v2\/product_cat?post=400"},{"taxonomy":"product_tag","embeddable":true,"href":"https:\/\/3dtjc.eu\/de\/wp-json\/wp\/v2\/product_tag?post=400"}],"curies":[{"name":"wp","href":"https:\/\/api.w.org\/{rel}","templated":true}]}}