{"id":399,"date":"2025-08-10T13:18:25","date_gmt":"2025-08-10T10:18:25","guid":{"rendered":"https:\/\/3dtjc.eu\/product\/dc10wa-ladegeraethalter\/"},"modified":"2025-09-13T15:33:13","modified_gmt":"2025-09-13T12:33:13","slug":"dc10wa-ladegeraethalter","status":"publish","type":"product","link":"https:\/\/3dtjc.eu\/de\/produkt\/dc10wa-ladegeraethalter\/","title":{"rendered":"DC10WA-Ladeger\u00e4thalter"},"content":{"rendered":"<p>3D-gedruckter Batterieladeger\u00e4thalter f\u00fcr Makita DC10WA-Ladeger\u00e4te. Die Befestigungsl\u00f6cher sind so konzipiert, dass sie den Standardabmessungen f\u00fcr Lochplattenl\u00f6cher von 9\u00d79 mm und einem Lochabstand von 38 mm (Mitte\/Mitte) entsprechen. Ideal f\u00fcr den Einsatz zu Hause oder in der Werkstatt.<\/p>\n","protected":false},"excerpt":{"rendered":"<p>3D-gedruckter Batterieladeger\u00e4thalter f\u00fcr Makita DC10WA-Ladeger\u00e4te. Die Befestigungsl\u00f6cher sind so konzipiert, dass sie den Standardabmessungen f\u00fcr Lochplattenl\u00f6cher von 9\u00d79 mm und einem Lochabstand von 38 mm (Mitte\/Mitte) entsprechen. Ideal f\u00fcr den Einsatz zu Hause oder in der Werkstatt.<\/p>\n","protected":false},"featured_media":1045,"comment_status":"open","ping_status":"closed","template":"","meta":{"om_disable_all_campaigns":false,"_monsterinsights_skip_tracking":false,"_monsterinsights_sitenote_active":false,"_monsterinsights_sitenote_note":"","_monsterinsights_sitenote_category":0},"product_brand":[],"product_cat":[87,86],"product_tag":[89,127,126,88],"class_list":{"0":"post-399","1":"product","2":"type-product","3":"status-publish","4":"has-post-thumbnail","6":"product_cat-makita-de","7":"product_cat-veranstalter","8":"product_tag-3d-gedruckt","9":"product_tag-dc10wa-de","10":"product_tag-ladegerathalter","11":"product_tag-makita-de","13":"first","14":"instock","15":"taxable","16":"shipping-taxable","17":"purchasable","18":"product-type-simple"},"aioseo_notices":[],"jetpack_sharing_enabled":true,"_links":{"self":[{"href":"https:\/\/3dtjc.eu\/de\/wp-json\/wp\/v2\/product\/399","targetHints":{"allow":["GET"]}}],"collection":[{"href":"https:\/\/3dtjc.eu\/de\/wp-json\/wp\/v2\/product"}],"about":[{"href":"https:\/\/3dtjc.eu\/de\/wp-json\/wp\/v2\/types\/product"}],"replies":[{"embeddable":true,"href":"https:\/\/3dtjc.eu\/de\/wp-json\/wp\/v2\/comments?post=399"}],"wp:featuredmedia":[{"embeddable":true,"href":"https:\/\/3dtjc.eu\/de\/wp-json\/wp\/v2\/media\/1045"}],"wp:attachment":[{"href":"https:\/\/3dtjc.eu\/de\/wp-json\/wp\/v2\/media?parent=399"}],"wp:term":[{"taxonomy":"product_brand","embeddable":true,"href":"https:\/\/3dtjc.eu\/de\/wp-json\/wp\/v2\/product_brand?post=399"},{"taxonomy":"product_cat","embeddable":true,"href":"https:\/\/3dtjc.eu\/de\/wp-json\/wp\/v2\/product_cat?post=399"},{"taxonomy":"product_tag","embeddable":true,"href":"https:\/\/3dtjc.eu\/de\/wp-json\/wp\/v2\/product_tag?post=399"}],"curies":[{"name":"wp","href":"https:\/\/api.w.org\/{rel}","templated":true}]}}