{"id":396,"date":"2025-04-26T18:19:58","date_gmt":"2025-04-26T15:19:58","guid":{"rendered":"https:\/\/3dtjc.eu\/product\/dc18rc-ladegeraethalter\/"},"modified":"2025-09-13T15:33:12","modified_gmt":"2025-09-13T12:33:12","slug":"dc18rc-ladegeraethalter","status":"publish","type":"product","link":"https:\/\/3dtjc.eu\/de\/produkt\/dc18rc-ladegeraethalter\/","title":{"rendered":"DC18RC Ladeger\u00e4thalter"},"content":{"rendered":"<p>3D-gedruckter Akkuladeger\u00e4thalter f\u00fcr Makita DC18RC Ladeger\u00e4te.<\/p>\n<p>Die Befestigungsl\u00f6cher sind so konzipiert, dass sie den Standardabmessungen von Lochplattenl\u00f6chern 9&#215;9 mm und einem Lochabstand von 38 mm entsprechen. Ideal f\u00fcr den Heim- oder Werkstattgebrauch. <\/p>\n<p>Das Ladeger\u00e4t kann ohne Werkzeug an der Halterung montiert und demontiert werden.<\/p>\n","protected":false},"excerpt":{"rendered":"<p>Halterung f\u00fcr Makita DC18RC Ladeger\u00e4te.<\/p>\n","protected":false},"featured_media":1025,"comment_status":"open","ping_status":"closed","template":"","meta":{"om_disable_all_campaigns":false,"_monsterinsights_skip_tracking":false,"_monsterinsights_sitenote_active":false,"_monsterinsights_sitenote_note":"","_monsterinsights_sitenote_category":0},"product_brand":[],"product_cat":[116,87,86],"product_tag":[119,120,117,118,88],"class_list":{"0":"post-396","1":"product","2":"type-product","3":"status-publish","4":"has-post-thumbnail","6":"product_cat-komponenten","7":"product_cat-makita-de","8":"product_cat-veranstalter","9":"product_tag-3d-de","10":"product_tag-3d-druck","11":"product_tag-batteriehalter","12":"product_tag-dc18rc-de","13":"product_tag-makita-de","15":"first","16":"instock","17":"taxable","18":"shipping-taxable","19":"purchasable","20":"product-type-simple"},"aioseo_notices":[],"jetpack_sharing_enabled":true,"_links":{"self":[{"href":"https:\/\/3dtjc.eu\/de\/wp-json\/wp\/v2\/product\/396","targetHints":{"allow":["GET"]}}],"collection":[{"href":"https:\/\/3dtjc.eu\/de\/wp-json\/wp\/v2\/product"}],"about":[{"href":"https:\/\/3dtjc.eu\/de\/wp-json\/wp\/v2\/types\/product"}],"replies":[{"embeddable":true,"href":"https:\/\/3dtjc.eu\/de\/wp-json\/wp\/v2\/comments?post=396"}],"wp:featuredmedia":[{"embeddable":true,"href":"https:\/\/3dtjc.eu\/de\/wp-json\/wp\/v2\/media\/1025"}],"wp:attachment":[{"href":"https:\/\/3dtjc.eu\/de\/wp-json\/wp\/v2\/media?parent=396"}],"wp:term":[{"taxonomy":"product_brand","embeddable":true,"href":"https:\/\/3dtjc.eu\/de\/wp-json\/wp\/v2\/product_brand?post=396"},{"taxonomy":"product_cat","embeddable":true,"href":"https:\/\/3dtjc.eu\/de\/wp-json\/wp\/v2\/product_cat?post=396"},{"taxonomy":"product_tag","embeddable":true,"href":"https:\/\/3dtjc.eu\/de\/wp-json\/wp\/v2\/product_tag?post=396"}],"curies":[{"name":"wp","href":"https:\/\/api.w.org\/{rel}","templated":true}]}}