{"id":373,"date":"2025-08-10T16:21:38","date_gmt":"2025-08-10T13:21:38","guid":{"rendered":"https:\/\/3dtjc.eu\/product\/makita-lxt-akku-halterung\/"},"modified":"2025-09-13T15:32:58","modified_gmt":"2025-09-13T12:32:58","slug":"makita-lxt-akku-halterung","status":"publish","type":"product","link":"https:\/\/3dtjc.eu\/de\/produkt\/makita-lxt-akku-halterung\/","title":{"rendered":"Makita LXT Batteriehalter"},"content":{"rendered":"<p>3D-gedruckter Batteriehalter f\u00fcr Makita LXT-Akkus. Die Befestigungsl\u00f6cher sind so konzipiert, dass sie den Standardabmessungen von Lochplattenl\u00f6chern von 9\u00d79 mm und einem Lochabstand von 38 mm entsprechen. Ideal f\u00fcr den Einsatz zu Hause oder in der Werkstatt. Der Halter ist f\u00fcr die Aufnahme von zwei Batterien ausgelegt und nutzt den Verriegelungsmechanismus der Batterie, sodass diese in jeder Ausrichtung montiert werden k\u00f6nnen.   <\/p>\n","protected":false},"excerpt":{"rendered":"<p>Batteriehalter f\u00fcr Makita 7,2V- und 10,8V-Akkus<\/p>\n","protected":false},"featured_media":1056,"comment_status":"open","ping_status":"closed","template":"","meta":{"om_disable_all_campaigns":false,"_monsterinsights_skip_tracking":false,"_monsterinsights_sitenote_active":false,"_monsterinsights_sitenote_note":"","_monsterinsights_sitenote_category":0},"product_brand":[],"product_cat":[87,86],"product_tag":[89,90,99,98,97,96,95,94,91,93,88,92],"class_list":{"0":"post-373","1":"product","2":"type-product","3":"status-publish","4":"has-post-thumbnail","6":"product_cat-makita-de","7":"product_cat-veranstalter","8":"product_tag-3d-gedruckt","9":"product_tag-akku","10":"product_tag-bl1815b-de","11":"product_tag-bl1820b-de","12":"product_tag-bl1830b-de","13":"product_tag-bl1840b-de","14":"product_tag-bl1850b-de","15":"product_tag-bl1860b-de","16":"product_tag-halterung","17":"product_tag-lxt-de","18":"product_tag-makita-de","19":"product_tag-wandhalterung","21":"first","22":"instock","23":"taxable","24":"shipping-taxable","25":"purchasable","26":"product-type-simple"},"aioseo_notices":[],"jetpack_sharing_enabled":true,"_links":{"self":[{"href":"https:\/\/3dtjc.eu\/de\/wp-json\/wp\/v2\/product\/373","targetHints":{"allow":["GET"]}}],"collection":[{"href":"https:\/\/3dtjc.eu\/de\/wp-json\/wp\/v2\/product"}],"about":[{"href":"https:\/\/3dtjc.eu\/de\/wp-json\/wp\/v2\/types\/product"}],"replies":[{"embeddable":true,"href":"https:\/\/3dtjc.eu\/de\/wp-json\/wp\/v2\/comments?post=373"}],"wp:featuredmedia":[{"embeddable":true,"href":"https:\/\/3dtjc.eu\/de\/wp-json\/wp\/v2\/media\/1056"}],"wp:attachment":[{"href":"https:\/\/3dtjc.eu\/de\/wp-json\/wp\/v2\/media?parent=373"}],"wp:term":[{"taxonomy":"product_brand","embeddable":true,"href":"https:\/\/3dtjc.eu\/de\/wp-json\/wp\/v2\/product_brand?post=373"},{"taxonomy":"product_cat","embeddable":true,"href":"https:\/\/3dtjc.eu\/de\/wp-json\/wp\/v2\/product_cat?post=373"},{"taxonomy":"product_tag","embeddable":true,"href":"https:\/\/3dtjc.eu\/de\/wp-json\/wp\/v2\/product_tag?post=373"}],"curies":[{"name":"wp","href":"https:\/\/api.w.org\/{rel}","templated":true}]}}