{"id":367,"date":"2025-08-10T16:35:21","date_gmt":"2025-08-10T13:35:21","guid":{"rendered":"https:\/\/3dtjc.eu\/product\/lochwandmutter-9x9-m4-10-stk-packung\/"},"modified":"2025-09-13T15:33:12","modified_gmt":"2025-09-13T12:33:12","slug":"lochwandmutter-9x9-m4-10-stk-packung","status":"publish","type":"product","link":"https:\/\/3dtjc.eu\/de\/produkt\/lochwandmutter-9x9-m4-10-stk-packung\/","title":{"rendered":"Lochplattenmutter 9X9 M4 (10 Stk. Packung)"},"content":{"rendered":"<p>3D-gedruckte Lochplattenmutter f\u00fcr 9x9mm Vierkantloch-Lochplatten, die das Einschrauben von M4-Schrauben zur sicheren Befestigung von Lochplattenzubeh\u00f6r erm\u00f6glicht.<\/p>\n<p>Kann von der Vorderseite der Lochplatte aus montiert und bei Bedarf wieder herausgenommen werden.<\/p>\n<p>Achtung! Eine Packung enth\u00e4lt 10 St\u00fcck Muttern.<\/p>\n","protected":false},"excerpt":{"rendered":"<p>Lochplattenmutter f\u00fcr 9x9mm Vierkantloch-Lochplatten, die das Einschrauben von M4-Schrauben erm\u00f6glicht.<\/p>\n","protected":false},"featured_media":0,"comment_status":"open","ping_status":"closed","template":"","meta":{"om_disable_all_campaigns":false,"_monsterinsights_skip_tracking":false,"_monsterinsights_sitenote_active":false,"_monsterinsights_sitenote_note":"","_monsterinsights_sitenote_category":0},"product_brand":[],"product_cat":[81],"product_tag":[],"class_list":{"0":"post-367","1":"product","2":"type-product","3":"status-publish","5":"product_cat-nicht-kategorisiert","7":"first","8":"instock","9":"taxable","10":"shipping-taxable","11":"purchasable","12":"product-type-simple"},"aioseo_notices":[],"jetpack_sharing_enabled":true,"_links":{"self":[{"href":"https:\/\/3dtjc.eu\/de\/wp-json\/wp\/v2\/product\/367","targetHints":{"allow":["GET"]}}],"collection":[{"href":"https:\/\/3dtjc.eu\/de\/wp-json\/wp\/v2\/product"}],"about":[{"href":"https:\/\/3dtjc.eu\/de\/wp-json\/wp\/v2\/types\/product"}],"replies":[{"embeddable":true,"href":"https:\/\/3dtjc.eu\/de\/wp-json\/wp\/v2\/comments?post=367"}],"wp:attachment":[{"href":"https:\/\/3dtjc.eu\/de\/wp-json\/wp\/v2\/media?parent=367"}],"wp:term":[{"taxonomy":"product_brand","embeddable":true,"href":"https:\/\/3dtjc.eu\/de\/wp-json\/wp\/v2\/product_brand?post=367"},{"taxonomy":"product_cat","embeddable":true,"href":"https:\/\/3dtjc.eu\/de\/wp-json\/wp\/v2\/product_cat?post=367"},{"taxonomy":"product_tag","embeddable":true,"href":"https:\/\/3dtjc.eu\/de\/wp-json\/wp\/v2\/product_tag?post=367"}],"curies":[{"name":"wp","href":"https:\/\/api.w.org\/{rel}","templated":true}]}}