{"id":366,"date":"2025-08-10T15:47:04","date_gmt":"2025-08-10T12:47:04","guid":{"rendered":"https:\/\/3dtjc.eu\/product\/fussstuetze-thule-urban-glide-2\/"},"modified":"2026-02-17T19:11:05","modified_gmt":"2026-02-17T17:11:05","slug":"fussstuetze-thule-urban-glide-2","status":"publish","type":"product","link":"https:\/\/3dtjc.eu\/de\/produkt\/fussstuetze-thule-urban-glide-2\/","title":{"rendered":"Fu\u00dfst\u00fctze \u2013 Thule Urban Glide 2"},"content":{"rendered":"<p>3D-gedrucktes Zubeh\u00f6r, mit dem die Fu\u00dfst\u00fctze in die Schlafposition der Thule Urban Glide 2 Kinderwagen eingestellt werden kann, wobei alle Standardfunktionen erhalten bleiben.<\/p>\n<p>1 Satz besteht aus 2 St\u00fcck spiegelbildlichen Fu\u00dfst\u00fctzen.<\/p>\n","protected":false},"excerpt":{"rendered":"<p>Thule Urban Glide 2 Fu\u00dfst\u00fctzenhalterung.<\/p>\n","protected":false},"featured_media":1009,"comment_status":"open","ping_status":"closed","template":"","meta":{"om_disable_all_campaigns":false,"_monsterinsights_skip_tracking":false,"_monsterinsights_sitenote_active":false,"_monsterinsights_sitenote_note":"","_monsterinsights_sitenote_category":0},"product_brand":[],"product_cat":[83,82],"product_tag":[],"class_list":{"0":"post-366","1":"product","2":"type-product","3":"status-publish","4":"has-post-thumbnail","6":"product_cat-thule-de","7":"product_cat-zubehor","9":"first","10":"instock","11":"taxable","12":"shipping-taxable","13":"purchasable","14":"product-type-simple"},"aioseo_notices":[],"jetpack_sharing_enabled":true,"_links":{"self":[{"href":"https:\/\/3dtjc.eu\/de\/wp-json\/wp\/v2\/product\/366","targetHints":{"allow":["GET"]}}],"collection":[{"href":"https:\/\/3dtjc.eu\/de\/wp-json\/wp\/v2\/product"}],"about":[{"href":"https:\/\/3dtjc.eu\/de\/wp-json\/wp\/v2\/types\/product"}],"replies":[{"embeddable":true,"href":"https:\/\/3dtjc.eu\/de\/wp-json\/wp\/v2\/comments?post=366"}],"wp:featuredmedia":[{"embeddable":true,"href":"https:\/\/3dtjc.eu\/de\/wp-json\/wp\/v2\/media\/1009"}],"wp:attachment":[{"href":"https:\/\/3dtjc.eu\/de\/wp-json\/wp\/v2\/media?parent=366"}],"wp:term":[{"taxonomy":"product_brand","embeddable":true,"href":"https:\/\/3dtjc.eu\/de\/wp-json\/wp\/v2\/product_brand?post=366"},{"taxonomy":"product_cat","embeddable":true,"href":"https:\/\/3dtjc.eu\/de\/wp-json\/wp\/v2\/product_cat?post=366"},{"taxonomy":"product_tag","embeddable":true,"href":"https:\/\/3dtjc.eu\/de\/wp-json\/wp\/v2\/product_tag?post=366"}],"curies":[{"name":"wp","href":"https:\/\/api.w.org\/{rel}","templated":true}]}}