{"id":364,"date":"2025-04-26T15:19:35","date_gmt":"2025-04-26T12:19:35","guid":{"rendered":"https:\/\/3dtjc.eu\/kontakt\/"},"modified":"2025-09-13T15:31:57","modified_gmt":"2025-09-13T12:31:57","slug":"kontakt","status":"publish","type":"page","link":"https:\/\/3dtjc.eu\/de\/kontakt\/","title":{"rendered":"Kontakt"},"content":{"rendered":"\n<div class=\"wp-block-group alignfull has-background-background-color has-background has-global-padding is-content-justification-center is-layout-constrained wp-container-core-group-is-layout-e175ef04 wp-block-group-is-layout-constrained\" style=\"border-top-width:1px;margin-top:0;margin-bottom:0;padding-top:var(--wp--preset--spacing--30);padding-right:var(--wp--preset--spacing--30);padding-bottom:var(--wp--preset--spacing--30);padding-left:var(--wp--preset--spacing--30)\">\n<h1 class=\"wp-block-heading alignwide\" style=\"font-size:clamp(0.984rem, 0.984rem + ((1vw - 0.2rem) * 0.86), 1.5rem);\">Kontakt<\/h1>\n<\/div>\n\n<div class=\"wp-block-group alignfull has-tertiary-background-color has-background has-global-padding is-layout-constrained wp-container-core-group-is-layout-6a1386d3 wp-block-group-is-layout-constrained\" id=\"contact\" style=\"border-top-width:1px;margin-top:0;margin-bottom:0;padding-top:var(--wp--preset--spacing--60);padding-right:0;padding-bottom:var(--wp--preset--spacing--60);padding-left:0\">\n<h2 class=\"wp-block-heading has-text-align-center\">FDM 3D-gedruckte Komponenten vom Entwurf bis zur Realit\u00e4t.<\/h2>\n\n\n\n<p class=\"has-text-align-center\"><strong>3D TJC O\u00dc<\/strong><\/p>\n\n\n\n<p class=\"has-text-align-center\"><strong>Tallinn<\/strong><\/p>\n\n\n\n<p class=\"has-text-align-center\" style=\"margin-top:0;margin-bottom:0\"><strong>Estland<\/strong><\/p>\n\n\n\n<p class=\"has-text-align-center has-small-font-size\" style=\"margin-top:8px\">+372 58843966<\/p>\n\n\n\n<p class=\"has-text-align-center has-small-font-size\" style=\"margin-top:8px\">info@3dtjc.eu<\/p>\n<\/div>\n\n<div class=\"wp-block-group alignfull has-background-background-color has-background has-global-padding is-layout-constrained wp-container-core-group-is-layout-7276a2bb wp-block-group-is-layout-constrained\" id=\"service-area\" style=\"border-top-width:1px;margin-top:0;margin-bottom:0;padding-top:var(--wp--preset--spacing--60);padding-right:var(--wp--preset--spacing--30);padding-bottom:var(--wp--preset--spacing--60);padding-left:var(--wp--preset--spacing--30)\">\n<div class=\"wp-block-columns alignwide is-layout-flex wp-container-core-columns-is-layout-28f84493 wp-block-columns-is-layout-flex\">\n<div class=\"wp-block-column is-layout-flow wp-block-column-is-layout-flow\">\n<div class=\"wp-block-group alignwide has-global-padding is-content-justification-left is-layout-constrained wp-container-core-group-is-layout-8b4c372c wp-block-group-is-layout-constrained\">\n<h2 class=\"wp-block-heading has-large-font-size\">Ihre Quelle f\u00fcr 3D-gedruckte L\u00f6sungen<\/h2>\n\n\n\n<p style=\"margin-top:16px\">Entdecken Sie unsere Produkte und Dienstleistungen, die auf Ihre individuellen Bed\u00fcrfnisse und Projekte zugeschnitten sind.<\/p>\n<\/div>\n<\/div>\n\n\n\n<div class=\"wp-block-column is-layout-flow wp-block-column-is-layout-flow\">\n<div class=\"wp-block-group has-global-padding is-layout-constrained wp-container-core-group-is-layout-41ec7c5a wp-block-group-is-layout-constrained\" style=\"border-width:1px;padding-top:1.75rem;padding-right:1.75rem;padding-bottom:1.75rem;padding-left:1.75rem\">\n<h3 class=\"wp-block-heading\" style=\"font-size:clamp(1.119rem, 1.119rem + ((1vw - 0.2rem) * 1.052), 1.75rem);line-height:1.5\">Standardteile<\/h3>\n\n\n\n<p class=\"has-small-font-size\" style=\"margin-top:8px\">Entdecken Sie unsere eigenen Designprodukte.<\/p>\n<\/div>\n\n\n\n<div class=\"wp-block-group has-global-padding is-layout-constrained wp-container-core-group-is-layout-41ec7c5a wp-block-group-is-layout-constrained\" style=\"border-width:1px;padding-top:1.75rem;padding-right:1.75rem;padding-bottom:1.75rem;padding-left:1.75rem\">\n<h3 class=\"wp-block-heading\" style=\"font-size:clamp(1.119rem, 1.119rem + ((1vw - 0.2rem) * 1.052), 1.75rem);line-height:1.5\">Kundenspezifische L\u00f6sungen<\/h3>\n\n\n\n<p class=\"has-small-font-size\" style=\"margin-top:8px\">Sie nennen das Problem und wir l\u00f6sen es vom Entwurf bis zum gedruckten Teil.<\/p>\n<\/div>\n\n\n\n<div class=\"wp-block-group has-global-padding is-layout-constrained wp-container-core-group-is-layout-41ec7c5a wp-block-group-is-layout-constrained\" style=\"border-width:1px;padding-top:1.75rem;padding-right:1.75rem;padding-bottom:1.75rem;padding-left:1.75rem\">\n<h3 class=\"wp-block-heading\" style=\"font-size:clamp(1.119rem, 1.119rem + ((1vw - 0.2rem) * 1.052), 1.75rem);line-height:1.5\">3D-Druckservice<\/h3>\n\n\n\n<p class=\"has-small-font-size\" style=\"margin-top:8px\">3D-Druckdienstleistungen, die auf Ihre Bed\u00fcrfnisse zugeschnitten sind.<\/p>\n<\/div>\n<\/div>\n<\/div>\n<\/div>\n","protected":false},"excerpt":{"rendered":"<p>Kontakt FDM 3D-gedruckte Komponenten vom Entwurf bis zur Realit\u00e4t. 3D TJC O\u00dc Tallinn Estland +372 58843966 info@3dtjc.eu Ihre Quelle f\u00fcr 3D-gedruckte L\u00f6sungen Entdecken Sie unsere Produkte und Dienstleistungen, die auf Ihre individuellen Bed\u00fcrfnisse und Projekte zugeschnitten sind. Standardteile Entdecken Sie unsere eigenen Designprodukte. Kundenspezifische L\u00f6sungen Sie nennen das Problem und wir l\u00f6sen es vom Entwurf [&hellip;]<\/p>\n","protected":false},"author":1,"featured_media":0,"parent":0,"menu_order":0,"comment_status":"closed","ping_status":"closed","template":"no-title","meta":{"om_disable_all_campaigns":false,"_monsterinsights_skip_tracking":false,"_monsterinsights_sitenote_active":false,"_monsterinsights_sitenote_note":"","_monsterinsights_sitenote_category":0,"footnotes":""},"class_list":["post-364","page","type-page","status-publish","hentry"],"aioseo_notices":[],"jetpack_sharing_enabled":true,"_links":{"self":[{"href":"https:\/\/3dtjc.eu\/de\/wp-json\/wp\/v2\/pages\/364","targetHints":{"allow":["GET"]}}],"collection":[{"href":"https:\/\/3dtjc.eu\/de\/wp-json\/wp\/v2\/pages"}],"about":[{"href":"https:\/\/3dtjc.eu\/de\/wp-json\/wp\/v2\/types\/page"}],"author":[{"embeddable":true,"href":"https:\/\/3dtjc.eu\/de\/wp-json\/wp\/v2\/users\/1"}],"replies":[{"embeddable":true,"href":"https:\/\/3dtjc.eu\/de\/wp-json\/wp\/v2\/comments?post=364"}],"version-history":[{"count":4,"href":"https:\/\/3dtjc.eu\/de\/wp-json\/wp\/v2\/pages\/364\/revisions"}],"predecessor-version":[{"id":894,"href":"https:\/\/3dtjc.eu\/de\/wp-json\/wp\/v2\/pages\/364\/revisions\/894"}],"wp:attachment":[{"href":"https:\/\/3dtjc.eu\/de\/wp-json\/wp\/v2\/media?parent=364"}],"curies":[{"name":"wp","href":"https:\/\/api.w.org\/{rel}","templated":true}]}}