{"id":362,"date":"2025-04-26T18:13:09","date_gmt":"2025-04-26T15:13:09","guid":{"rendered":"https:\/\/3dtjc.eu\/?page_id=362"},"modified":"2025-09-13T15:33:03","modified_gmt":"2025-09-13T12:33:03","slug":"datenschutzrichtlinie","status":"publish","type":"page","link":"https:\/\/3dtjc.eu\/de\/datenschutzrichtlinie\/","title":{"rendered":"Datenschutzbestimmungen"},"content":{"rendered":"\n<h2 class=\"wp-block-heading\">Wer wir sind<\/h2>\n\n<p>IMPRESSUM<\/p>\n\n<p>Unsere Website-Adresse lautet: https:\/\/3dtjc.eu. Wir sind 3D TJC O\u00dc mit Sitz in Estland.<\/p>\n\n<ul class=\"wp-block-list\">\n<li>Sie erreichen uns unter info@3dtjc.eu <\/li>\n\n\n\n<li>Wir sind ein privates Unternehmen mit der Registernummer 17229126<\/li>\n\n\n\n<li>Unsere Umsatzsteuer-Identifikationsnummer lautet EE102858781<\/li>\n<\/ul>\n\n<h2 class=\"wp-block-heading\">Kommentare<\/h2>\n\n<p>Normalerweise erlauben wir keine Kommentare auf unserer Website.<\/p>\n\n<p>Wenn Besucher Kommentare auf der Website hinterlassen, erfassen wir die im Kommentarformular angezeigten Daten sowie die IP-Adresse des Besuchers und die Browser-Benutzeragentenkennung, um die Spamerkennung zu unterst\u00fctzen.<\/p>\n\n<p>Eine anonymisierte Zeichenkette, die aus Ihrer E-Mail-Adresse erstellt wurde (auch Hash genannt), kann dem Gravatar-Dienst zur Verf\u00fcgung gestellt werden, um zu pr\u00fcfen, ob Sie diesen verwenden. Die Datenschutzbestimmungen des Gravatar-Dienstes finden Sie hier: https:\/\/automattic.com\/privacy\/. Nach Freigabe Ihres Kommentars ist Ihr Profilbild im Kontext Ihres Kommentars \u00f6ffentlich sichtbar. <\/p>\n\n<h2 class=\"wp-block-heading\">Medien<\/h2>\n\n<p>Wenn Sie Bilder auf die Website hochladen, sollten Sie es vermeiden, Bilder mit eingebetteten Standortdaten (EXIF GPS) hochzuladen. Besucher der Website k\u00f6nnen Standortdaten aus Bildern auf der Website herunterladen und extrahieren. Normalerweise gibt es keine von Nutzern hochgeladenen Bilder auf dieser Website.  <\/p>\n\n<h2 class=\"wp-block-heading\">Cookies<\/h2>\n\n<p>Wenn Sie unsere Website besuchen, k\u00f6nnen Sie sich daf\u00fcr entscheiden, Ihre Identifikationsdaten in Cookies zu speichern. Dies dient Ihrem Komfort, damit Sie Ihre Daten nicht erneut eingeben m\u00fcssen, wenn Sie einen weiteren Kommentar hinterlassen. Diese Cookies sind ein Jahr lang g\u00fcltig.  <\/p>\n\n<p>Cookies sind zwei Tage lang g\u00fcltig, und Cookies f\u00fcr Bildschirmeinstellungen sind ein Jahr lang g\u00fcltig. Wenn Sie \u201eAngemeldet bleiben\u201c ausw\u00e4hlen, bleibt Ihre Anmeldung zwei Wochen lang bestehen. Sie k\u00f6nnen uns jederzeit bitten, von uns erfasste Informationen zu l\u00f6schen.  <\/p>\n\n<h2 class=\"wp-block-heading\">Eingebettete Inhalte von anderen Websites<\/h2>\n\n<p>Artikel auf dieser Website k\u00f6nnen eingebettete Inhalte beinhalten (z. B. Videos, Bilder, Artikel usw.). Eingebettete Inhalte von anderen Websites verhalten sich genauso, als ob der Besucher die andere Website besucht h\u00e4tte. <\/p>\n\n<p>Diese Websites k\u00f6nnen Daten \u00fcber Sie sammeln, Cookies verwenden, zus\u00e4tzliches Tracking von Drittanbietern einbetten und Ihre Interaktion mit diesen eingebetteten Inhalten \u00fcberwachen, einschlie\u00dflich der Verfolgung Ihrer Interaktion mit den eingebetteten Inhalten, wenn Sie ein Konto haben und auf dieser Website angemeldet sind.<\/p>\n\n<h2 class=\"wp-block-heading\">An wen wir Ihre Daten weitergeben<\/h2>\n\n<p>Wir verwenden Pixel-Tracking mit der Meta-Plattform und sind auch mit Google Analytics verbunden.<\/p>\n\n<h2 class=\"wp-block-heading\">Welche Rechte Sie an Ihren Daten haben<\/h2>\n\n<p>Wenn Sie ein Konto auf dieser Website haben oder Kommentare hinterlassen haben, k\u00f6nnen Sie eine exportierte Datei mit den personenbezogenen Daten, die wir \u00fcber Sie gespeichert haben, anfordern, einschlie\u00dflich aller Daten, die Sie uns zur Verf\u00fcgung gestellt haben. Sie k\u00f6nnen auch verlangen, dass wir alle personenbezogenen Daten, die wir \u00fcber Sie gespeichert haben, l\u00f6schen. Dies gilt nicht f\u00fcr Daten, die wir aus administrativen, rechtlichen oder Sicherheitsgr\u00fcnden aufbewahren m\u00fcssen.  <\/p>\n\n<h2 class=\"wp-block-heading\">Wohin Ihre Daten gesendet werden<\/h2>\n\n<p>Besucher-Kommentare k\u00f6nnen durch einen automatisierten Spamerkennungsdienst \u00fcberpr\u00fcft werden.<\/p>\n","protected":false},"excerpt":{"rendered":"<p>Wer wir sind IMPRESSUM Unsere Website-Adresse lautet: https:\/\/3dtjc.eu. Wir sind 3D TJC O\u00dc mit Sitz in Estland. Kommentare Normalerweise erlauben wir keine Kommentare auf unserer Website. Wenn Besucher Kommentare auf der Website hinterlassen, erfassen wir die im Kommentarformular angezeigten Daten sowie die IP-Adresse des Besuchers und die Browser-Benutzeragentenkennung, um die Spamerkennung zu unterst\u00fctzen. Eine anonymisierte [&hellip;]<\/p>\n","protected":false},"author":1,"featured_media":0,"parent":0,"menu_order":0,"comment_status":"closed","ping_status":"open","template":"","meta":{"om_disable_all_campaigns":false,"_monsterinsights_skip_tracking":false,"_monsterinsights_sitenote_active":false,"_monsterinsights_sitenote_note":"","_monsterinsights_sitenote_category":0,"footnotes":""},"class_list":["post-362","page","type-page","status-publish","hentry"],"aioseo_notices":[],"jetpack_sharing_enabled":true,"_links":{"self":[{"href":"https:\/\/3dtjc.eu\/de\/wp-json\/wp\/v2\/pages\/362","targetHints":{"allow":["GET"]}}],"collection":[{"href":"https:\/\/3dtjc.eu\/de\/wp-json\/wp\/v2\/pages"}],"about":[{"href":"https:\/\/3dtjc.eu\/de\/wp-json\/wp\/v2\/types\/page"}],"author":[{"embeddable":true,"href":"https:\/\/3dtjc.eu\/de\/wp-json\/wp\/v2\/users\/1"}],"replies":[{"embeddable":true,"href":"https:\/\/3dtjc.eu\/de\/wp-json\/wp\/v2\/comments?post=362"}],"version-history":[{"count":5,"href":"https:\/\/3dtjc.eu\/de\/wp-json\/wp\/v2\/pages\/362\/revisions"}],"predecessor-version":[{"id":901,"href":"https:\/\/3dtjc.eu\/de\/wp-json\/wp\/v2\/pages\/362\/revisions\/901"}],"wp:attachment":[{"href":"https:\/\/3dtjc.eu\/de\/wp-json\/wp\/v2\/media?parent=362"}],"curies":[{"name":"wp","href":"https:\/\/api.w.org\/{rel}","templated":true}]}}